{"id":132,"date":"2018-01-30T14:50:55","date_gmt":"2018-01-30T13:50:55","guid":{"rendered":"http:\/\/autyzmwejherowo.pl\/?page_id=132"},"modified":"2018-10-28T17:57:11","modified_gmt":"2018-10-28T16:57:11","slug":"wspieraja-nas","status":"publish","type":"page","link":"https:\/\/autyzmwejherowo.pl\/?page_id=132","title":{"rendered":"Wspieraj\u0105 nas"},"content":{"rendered":"<p style=\"text-align: center;\"><strong>\u00a0 \u00a0 \u00a0 \u00a0 \u00a0 \u00a0 \u00a0 \u00a0 \u00a0 \u00a0 \u00a0 \u00a0 \u00a0 \u00a0 \u00a0 \u00a0 \u00a0 \u00a0 \u00a0 \u00a0 \u00a0 \u00a0 \u00a0 \u00a0 \u00a0 \u00a0 \u00a0 \u00a0 \u00a0 \u00a0 \u00a0 \u00a0 \u00a0 \u00a0 \u00a0 \u00a0 \u00a0 \u00a0 \u00a0 \u00a0 \u00a0 \u00a0 \u00a0 \u00a0 \u00a0 \u00a0 \u00a0 \u00a0 \u00a0 \u00a0 \u00a0 \u00a0 \u00a0 \u00a0 \u00a0 \u00a0 \u00a0 \u00a0 \u00a0 \u00a0 \u00a0 \u00a0 \u00a0 \u00a0 \u00a0 \u00a0 \u00a0 \u00a0 \u00a0 \u00a0\u00a0<\/strong><img loading=\"lazy\" decoding=\"async\" class=\"wp-image-167 aligncenter\" src=\"http:\/\/autyzmwejherowo.pl\/wp-content\/uploads\/2018\/02\/sosw.jpg\" alt=\"\" width=\"253\" height=\"226\" \/><strong>Powiatowy Zesp\u00f3\u0142 Kszta\u0142cenia Specjalnego<\/strong><\/p>\n<p style=\"text-align: center;\">www.sosw-wejherowo.pl<\/p>\n<p>&nbsp;<\/p>\n<p><img loading=\"lazy\" decoding=\"async\" class=\"aligncenter\" src=\"http:\/\/www.rejestrujemypojazdy.pl\/wp-content\/uploads\/2014\/06\/rejestrowanie_samochodu_Wejherowo2.gif\" alt=\"Znalezione obrazy dla zapytania starostwo powiatowe wejherowo\" width=\"152\" height=\"168\" \/><\/p>\n<p style=\"text-align: center;\"><strong>Starostwo Powiatu Wejherowskiego<\/strong><\/p>\n<p style=\"text-align: center;\">www.powiat.wejherowo.pl<\/p>\n<p>&nbsp;<\/p>\n<p><img loading=\"lazy\" decoding=\"async\" class=\"wp-image-175 aligncenter\" src=\"http:\/\/autyzmwejherowo.pl\/wp-content\/uploads\/2018\/02\/urz.m.wejh_.logo_.jpg\" alt=\"\" width=\"127\" height=\"160\" \/><\/p>\n<p style=\"text-align: center;\"><strong>Urz\u0105d Miejski Wejherowo<\/strong><\/p>\n<p style=\"text-align: center;\">www.wejherowo.pl<\/p>\n<p>&nbsp;<\/p>\n<p><img loading=\"lazy\" decoding=\"async\" class=\"aligncenter\" src=\"http:\/\/www.gryfwejherowo.com.pl\/wp-content\/uploads\/2015\/07\/gryflogo.png\" alt=\"Znalezione obrazy dla zapytania gryf wejherowo\" width=\"225\" height=\"200\" \/><\/p>\n<p style=\"text-align: center;\"><strong>WKS Gryf Wejherowo<\/strong><br \/>\nwww.gryfwejherowo.com.pl<\/p>\n<p>&nbsp;<\/p>\n<p><img decoding=\"async\" class=\"aligncenter\" src=\"https:\/\/gogdynia.pl\/wp-content\/uploads\/2015\/06\/wenta_logo.jpg\" alt=\"Podobny obraz\" \/><\/p>\n<p style=\"text-align: center;\"><strong>Cukiernia Wenta Wejherowo<\/strong><\/p>\n<p style=\"text-align: center;\">www.cukierniawenta.pl\/<\/p>\n<p><img decoding=\"async\" class=\"aligncenter\" src=\"https:\/\/botw-pd.s3.amazonaws.com\/styles\/logo-thumbnail\/s3\/092015\/mops_wejherowo.jpg?itok=Q5PWSAhC\" alt=\"Znalezione obrazy dla zapytania mops wejherowo\" \/><\/p>\n<p style=\"text-align: center;\"><strong>Miejski O\u015brodek Pomocy Spo\u0142ecznej Wejherowo<\/strong><\/p>\n<p style=\"text-align: center;\">www.mops.wejherowo.pl<\/p>\n<p>&nbsp;<\/p>\n<p style=\"text-align: center;\"><img loading=\"lazy\" decoding=\"async\" class=\"\" src=\"http:\/\/zsp3wejher.pl\/wp-content\/uploads\/2018\/01\/cropped-LOGO-SZKOLA-WEKTOR.png\" alt=\"Znalezione obrazy dla zapytania pzs 3 wejherowo\" width=\"234\" height=\"234\" \/><\/p>\n<p>&nbsp;<\/p>\n<p style=\"text-align: center;\"><span style=\"color: #000000;\">POWIATOWY ZESP\u00d3\u0141 SZK\u00d3\u0141 NR 3<\/span><\/p>\n<p style=\"text-align: center;\"><span style=\"color: #000000;\"><span id=\"site-description\">im. ks. Edmunda Roszczynialskiego w Wejherowie<\/span><\/span><\/p>\n<p style=\"text-align: center;\">www.zsp3wejher.pl\/<\/p>\n","protected":false},"excerpt":{"rendered":"<p>\u00a0 \u00a0 \u00a0 \u00a0 \u00a0 \u00a0 \u00a0 \u00a0 \u00a0 \u00a0 \u00a0 \u00a0 \u00a0 \u00a0 \u00a0 \u00a0 \u00a0 \u00a0 \u00a0 \u00a0 \u00a0 \u00a0 \u00a0 \u00a0 \u00a0 \u00a0 \u00a0 \u00a0 \u00a0 \u00a0 \u00a0 \u00a0 \u00a0 \u00a0 \u00a0 \u00a0 \u00a0 \u00a0 \u00a0 \u00a0 \u00a0 \u00a0 \u00a0 \u00a0 \u00a0 \u00a0 \u00a0 \u00a0 \u00a0 \u00a0 \u00a0 \u00a0 \u00a0 \u00a0 \u00a0 [&hellip;]<\/p>\n","protected":false},"author":1,"featured_media":0,"parent":0,"menu_order":0,"comment_status":"closed","ping_status":"closed","template":"","meta":{"footnotes":""},"class_list":["post-132","page","type-page","status-publish","hentry"],"_links":{"self":[{"href":"https:\/\/autyzmwejherowo.pl\/index.php?rest_route=\/wp\/v2\/pages\/132","targetHints":{"allow":["GET"]}}],"collection":[{"href":"https:\/\/autyzmwejherowo.pl\/index.php?rest_route=\/wp\/v2\/pages"}],"about":[{"href":"https:\/\/autyzmwejherowo.pl\/index.php?rest_route=\/wp\/v2\/types\/page"}],"author":[{"embeddable":true,"href":"https:\/\/autyzmwejherowo.pl\/index.php?rest_route=\/wp\/v2\/users\/1"}],"replies":[{"embeddable":true,"href":"https:\/\/autyzmwejherowo.pl\/index.php?rest_route=%2Fwp%2Fv2%2Fcomments&post=132"}],"version-history":[{"count":35,"href":"https:\/\/autyzmwejherowo.pl\/index.php?rest_route=\/wp\/v2\/pages\/132\/revisions"}],"predecessor-version":[{"id":389,"href":"https:\/\/autyzmwejherowo.pl\/index.php?rest_route=\/wp\/v2\/pages\/132\/revisions\/389"}],"wp:attachment":[{"href":"https:\/\/autyzmwejherowo.pl\/index.php?rest_route=%2Fwp%2Fv2%2Fmedia&parent=132"}],"curies":[{"name":"wp","href":"https:\/\/api.w.org\/{rel}","templated":true}]}}