{"id":651,"date":"2023-03-26T21:58:49","date_gmt":"2023-03-26T19:58:49","guid":{"rendered":"https:\/\/autyzmwejherowo.pl\/?page_id=651"},"modified":"2025-04-03T20:59:51","modified_gmt":"2025-04-03T18:59:51","slug":"home-3","status":"publish","type":"page","link":"https:\/\/autyzmwejherowo.pl\/","title":{"rendered":"Strona G\u0142\u00f3wna"},"content":{"rendered":"<p>Stowarzyszenie jest zrzeszeniem os\u00f3b fizycznych nakierowanych na lokaln\u0105 spo\u0142eczno\u015b\u0107 w celu dzia\u0142ania na jej rzecz wyznaj\u0105cym zasad\u0119 i\u017c ka\u017cdy ma prawo do pe\u0142nego uczestnictwa w \u017cyciu spo\u0142ecznym i nikt nie mo\u017ce by\u0107 wykluczony i pozostawiony poza nawiasem spo\u0142ecze\u0144stwa.<br>W zwi\u0105zku z powy\u017cszym g\u0142\u00f3wnym celem Stowarzyszenia jest przeciwdzia\u0142anie wykluczeniu i marginalizacji spo\u0142ecznej oraz wspieranie aktywno\u015bci spo\u0142ecznej obywateli.<br>Stowarzyszenie nastawia si\u0119 przede wszystkim na dzia\u0142ania w sferze&gt;<br>spo\u0142ecznej, prawnej, pedagogicznej, psychologicznej, terapeutycznej, socjalnej i medycznej na rzecz os\u00f3b z autyzmem.<br>Stowarzyszenie realizuje swoje cele zgodnie z obowi\u0105zuj\u0105cymi przepisami w szczeg\u00f3lno\u015bci poprzez:<br>Organizowanie zaj\u0119\u0107 wyr\u00f3wnawczych w zrozumieniu edukacyjnym i spo\u0142ecznym dla dzieci i m\u0142odzie\u017cy posiadaj\u0105cej orzeczenie o niepe\u0142nosprawno\u015bci.<br>Tworzenie i wspieranie punkt\u00f3w opieku\u0144czych i wychowawczych dla dzieci i m\u0142odzie\u017cy niepe\u0142nosprawnej.<br>Organizowanie spotka\u0144 informacyjno-edukacyjnych dla rodzic\u00f3w.<br>Umo\u017cliwienie wi\u0119kszego dost\u0119pu do d\u00f3br kulturalnych, spo\u0142ecznych, sportowych, rozrywkowych dla os\u00f3b zagro\u017conych wykluczeniem spo\u0142ecznym.<br>Umo\u017cliwienie zaistnienia w \u015brodowisku lokalnym na p\u0142aszczy\u017anie kulturalnej, sportowej, edukacyjnej, rozrywkowej i innych.<br>Prowadzenie dzia\u0142a\u0144 profilaktycznych i wspieranie rodzin dzieci niepe\u0142nosprawnych.<br>Wyr\u00f3wnanie szans edukacyjnych i zawodowych os\u00f3b niepe\u0142nosprawnych oraz ich rodzin.<br>Wsp\u00f3\u0142praca z instytucjami dzia\u0142aj\u0105cymi na rzecz os\u00f3b niepe\u0142nosprawnych.<br>Organizowanie grup pomocowych, wsparcia i samopomocowych.<br>Zapewnienie podopiecznym mo\u017cliwo\u015bci uczestnictwa we wszelkich formach zaj\u0119\u0107 maj\u0105cych na celu podtrzymanie ich mo\u017cliwo\u015bci psychofizycznych.<br>Zapewnienie mo\u017cliwo\u015bci rozwoju zawodowego, zwi\u0119kszenie kompetencji, umiej\u0119tno\u015bci i zapobieganie wypaleniu zawodowemu, realizatorom zada\u0144 statutowych Stowarzyszenia.<br>Stworzenie i prowadzenie baz danych, zwi\u0105zanych tematycznie z celami statutowymi Stowarzyszenia.<br>Opracowywanie i wydawanie materia\u0142\u00f3w informacyjnych, szkoleniowych i innych.<br>Wypowiadanie si\u0119 w sprawach publicznych, zwi\u0105zanych z celami Stowarzyszenia.<br>Wsp\u00f3\u0142prac\u0119 z osobami fizycznymi, prawnymi, w\u0142adzami samorz\u0105dowymi, pa\u0144stwowymi, sektorem gospodarczym oraz \u015brodkami masowego przekazu.<br>Wsp\u00f3\u0142prac\u0119 z polskimi i zagranicznymi organizacjami pozarz\u0105dowymi o tym samym lub podobnym charakterze.<br>Dzia\u0142ania maj\u0105ce na celu wspieranie rozwoju i aktywizacji zawodowej os\u00f3b niepe\u0142nosprawnych na terenie powiatu.<\/p><h1><center> Strona zosta\u0142a stworzona charytatywnie przez Szymona Kizika <\/center><\/h1>","protected":false},"excerpt":{"rendered":"<p>Stowarzyszenie jest zrzeszeniem os\u00f3b fizycznych nakierowanych na lokaln\u0105 spo\u0142eczno\u015b\u0107 w celu dzia\u0142ania na jej rzecz wyznaj\u0105cym zasad\u0119 i\u017c ka\u017cdy ma prawo do pe\u0142nego uczestnictwa w \u017cyciu spo\u0142ecznym i nikt nie mo\u017ce by\u0107 wykluczony i pozostawiony poza nawiasem spo\u0142ecze\u0144stwa.W zwi\u0105zku z powy\u017cszym g\u0142\u00f3wnym celem Stowarzyszenia jest przeciwdzia\u0142anie wykluczeniu i marginalizacji spo\u0142ecznej oraz wspieranie aktywno\u015bci spo\u0142ecznej obywateli.Stowarzyszenie [&hellip;]<\/p>\n","protected":false},"author":1,"featured_media":0,"parent":0,"menu_order":0,"comment_status":"closed","ping_status":"closed","template":"","meta":{"footnotes":""},"class_list":["post-651","page","type-page","status-publish","hentry"],"_links":{"self":[{"href":"https:\/\/autyzmwejherowo.pl\/index.php?rest_route=\/wp\/v2\/pages\/651","targetHints":{"allow":["GET"]}}],"collection":[{"href":"https:\/\/autyzmwejherowo.pl\/index.php?rest_route=\/wp\/v2\/pages"}],"about":[{"href":"https:\/\/autyzmwejherowo.pl\/index.php?rest_route=\/wp\/v2\/types\/page"}],"author":[{"embeddable":true,"href":"https:\/\/autyzmwejherowo.pl\/index.php?rest_route=\/wp\/v2\/users\/1"}],"replies":[{"embeddable":true,"href":"https:\/\/autyzmwejherowo.pl\/index.php?rest_route=%2Fwp%2Fv2%2Fcomments&post=651"}],"version-history":[{"count":2,"href":"https:\/\/autyzmwejherowo.pl\/index.php?rest_route=\/wp\/v2\/pages\/651\/revisions"}],"predecessor-version":[{"id":678,"href":"https:\/\/autyzmwejherowo.pl\/index.php?rest_route=\/wp\/v2\/pages\/651\/revisions\/678"}],"wp:attachment":[{"href":"https:\/\/autyzmwejherowo.pl\/index.php?rest_route=%2Fwp%2Fv2%2Fmedia&parent=651"}],"curies":[{"name":"wp","href":"https:\/\/api.w.org\/{rel}","templated":true}]}}